{"id":25756,"date":"2025-05-02T13:13:31","date_gmt":"2025-05-02T13:13:31","guid":{"rendered":"https:\/\/www.scenaptic.ai\/escenario_orvaux\/"},"modified":"2026-03-03T15:52:33","modified_gmt":"2026-03-03T15:52:33","slug":"escenario_orvaux","status":"publish","type":"page","link":"https:\/\/www.scenaptic.ai\/es\/escenario_orvaux\/","title":{"rendered":"Escenario_Orvaux"},"content":{"rendered":"\t\t<div data-elementor-type=\"wp-page\" data-elementor-id=\"25756\" class=\"elementor elementor-25756 elementor-25735\" data-elementor-post-type=\"page\">\n\t\t\t\t\t\t<section class=\"elementor-section elementor-top-section elementor-element elementor-element-786ec3e3 elementor-section-boxed elementor-section-height-default elementor-section-height-default sc_fly_static\" data-id=\"786ec3e3\" data-element_type=\"section\">\n\t\t\t\t\t\t<div class=\"elementor-container elementor-column-gap-extended\">\n\t\t\t\t\t<div class=\"elementor-column elementor-col-100 elementor-top-column elementor-element elementor-element-845dd6f sc_content_align_inherit sc_layouts_column_icons_position_left sc_fly_static\" data-id=\"845dd6f\" data-element_type=\"column\">\n\t\t\t<div class=\"elementor-widget-wrap\">\n\t\t\t\t\t\t\t<\/div>\n\t\t<\/div>\n\t\t\t\t\t<\/div>\n\t\t<\/section>\n\t\t\t\t<section class=\"elementor-section elementor-top-section elementor-element elementor-element-f4c5a34 elementor-section-full_width elementor-section-height-default elementor-section-height-default sc_fly_static\" data-id=\"f4c5a34\" data-element_type=\"section\">\n\t\t\t\t\t\t<div class=\"elementor-container elementor-column-gap-no\">\n\t\t\t\t\t<div class=\"elementor-column elementor-col-100 elementor-top-column elementor-element elementor-element-eb2c87b sc_inner_width_1_1 sc_content_align_center sc_layouts_column_icons_position_left sc_fly_static\" data-id=\"eb2c87b\" data-element_type=\"column\">\n\t\t\t<div class=\"elementor-widget-wrap elementor-element-populated\">\n\t\t\t\t\t\t<div class=\"elementor-element elementor-element-61a32d6 sc_height_medium sc_fly_static elementor-widget elementor-widget-spacer\" data-id=\"61a32d6\" data-element_type=\"widget\" data-widget_type=\"spacer.default\">\n\t\t\t\t<div class=\"elementor-widget-container\">\n\t\t\t\t\t\t\t<div class=\"elementor-spacer\">\n\t\t\t<div class=\"elementor-spacer-inner\"><\/div>\n\t\t<\/div>\n\t\t\t\t\t\t<\/div>\n\t\t\t\t<\/div>\n\t\t\t\t<div class=\"elementor-element elementor-element-4ed1276 sc_fly_static elementor-widget elementor-widget-trx_sc_title\" data-id=\"4ed1276\" data-element_type=\"widget\" data-widget_type=\"trx_sc_title.default\">\n\t\t\t\t<div class=\"elementor-widget-container\">\n\t\t\t\t\t<div\t\tclass=\"sc_title sc_title_default\" ><h1 class=\"sc_item_title sc_title_title sc_item_title_style_default sc_item_title_tag\"\n\t\t\t><span class=\"sc_item_title_text\">SIMULACION MAISON ORVAUX<\/span><\/h1><span class=\"sc_item_subtitle sc_title_subtitle sc_item_subtitle_below sc_item_title_style_default\">En el lujo, todo es significado. Un paso en falso, y el significado desaparece.<\/span><\/div>\t\t\t\t<\/div>\n\t\t\t\t<\/div>\n\t\t\t\t<div class=\"elementor-element elementor-element-a8ad8e7 sc_fly_static elementor-widget elementor-widget-spacer\" data-id=\"a8ad8e7\" data-element_type=\"widget\" data-widget_type=\"spacer.default\">\n\t\t\t\t<div class=\"elementor-widget-container\">\n\t\t\t\t\t\t\t<div class=\"elementor-spacer\">\n\t\t\t<div class=\"elementor-spacer-inner\"><\/div>\n\t\t<\/div>\n\t\t\t\t\t\t<\/div>\n\t\t\t\t<\/div>\n\t\t\t\t<div class=\"elementor-element elementor-element-6106037 sc_fly_static elementor-widget elementor-widget-image\" data-id=\"6106037\" data-element_type=\"widget\" data-widget_type=\"image.default\">\n\t\t\t\t<div class=\"elementor-widget-container\">\n\t\t\t\t\t\t\t\t\t\t\t\t\t\t\t<img fetchpriority=\"high\" decoding=\"async\" width=\"1024\" height=\"686\" src=\"https:\/\/www.scenaptic.ai\/wp-content\/uploads\/2026\/01\/Auto_Orvaux_07_Graded-1024x686.jpg\" class=\"attachment-large size-large wp-image-29270\" alt=\"AI in Luxury\" srcset=\"https:\/\/www.scenaptic.ai\/wp-content\/uploads\/2026\/01\/Auto_Orvaux_07_Graded-1024x686.jpg 1024w, https:\/\/www.scenaptic.ai\/wp-content\/uploads\/2026\/01\/Auto_Orvaux_07_Graded-300x201.jpg 300w, https:\/\/www.scenaptic.ai\/wp-content\/uploads\/2026\/01\/Auto_Orvaux_07_Graded-768x515.jpg 768w, https:\/\/www.scenaptic.ai\/wp-content\/uploads\/2026\/01\/Auto_Orvaux_07_Graded-1536x1030.jpg 1536w, https:\/\/www.scenaptic.ai\/wp-content\/uploads\/2026\/01\/Auto_Orvaux_07_Graded-370x248.jpg 370w, https:\/\/www.scenaptic.ai\/wp-content\/uploads\/2026\/01\/Auto_Orvaux_07_Graded-840x563.jpg 840w, https:\/\/www.scenaptic.ai\/wp-content\/uploads\/2026\/01\/Auto_Orvaux_07_Graded-410x275.jpg 410w, https:\/\/www.scenaptic.ai\/wp-content\/uploads\/2026\/01\/Auto_Orvaux_07_Graded.jpg 1611w\" sizes=\"(max-width: 1024px) 100vw, 1024px\" \/>\t\t\t\t\t\t\t\t\t\t\t\t\t\t\t<\/div>\n\t\t\t\t<\/div>\n\t\t\t\t<div class=\"elementor-element elementor-element-ca7dafe sc_height_medium sc_fly_static elementor-widget elementor-widget-spacer\" data-id=\"ca7dafe\" data-element_type=\"widget\" data-widget_type=\"spacer.default\">\n\t\t\t\t<div class=\"elementor-widget-container\">\n\t\t\t\t\t\t\t<div class=\"elementor-spacer\">\n\t\t\t<div class=\"elementor-spacer-inner\"><\/div>\n\t\t<\/div>\n\t\t\t\t\t\t<\/div>\n\t\t\t\t<\/div>\n\t\t\t\t<div class=\"elementor-element elementor-element-924dca8 sc_fly_static elementor-widget elementor-widget-text-editor\" data-id=\"924dca8\" data-element_type=\"widget\" data-widget_type=\"text-editor.default\">\n\t\t\t\t<div class=\"elementor-widget-container\">\n\t\t\t\t\t\t\t\t\t<p>La mayor\u00eda de las transformaciones con IA fracasan \u2014 casi el 95% seg\u00fan datos recientes. No porque la tecnolog\u00eda falle. Sino porque se introduce en una organizaci\u00f3n sin entender realmente de qu\u00e9 est\u00e1 hecha por dentro. Los n\u00fameros, los procesos, la l\u00f3gica operativa. Pero tambi\u00e9n lo que no aparece en ning\u00fan informe: la confianza que tard\u00f3 d\u00e9cadas en construirse, la experiencia emocional que hace que un cliente vuelva, la identidad que hace que una marca sea insustituible y otra, olvidable<\/p>\n<p>En la mayor\u00eda de los sectores, ese desajuste tarda a\u00f1os en hacerse visible. En el lujo, se nota de inmediato. Una interfaz digital torpe. Una interacci\u00f3n con IA que se siente fr\u00eda cuando deber\u00eda sentirse cercana. Un sistema de datos que trata a un cliente de toda la vida como si fuera la primera vez. Cualquiera de estas cosas puede romper en un solo momento algo que llev\u00f3 a\u00f1os construir.<\/p>\n<p>Por eso el lujo es el entorno ideal para entender qu\u00e9 significa realmente alinear la IA con la experiencia humana. La fragilidad que lo caracteriza no es una debilidad. Es una se\u00f1al. Lo que se rompe aqu\u00ed con la tecnolog\u00eda equivocada acaba rompi\u00e9ndose en todos lados \u2014 solo que en otros sectores ocurre m\u00e1s despacio, y con menos visibilidad.<\/p>\n\t\t\t\t\t\t\t\t<\/div>\n\t\t\t\t<\/div>\n\t\t\t\t<div class=\"elementor-element elementor-element-4eabf38 sc_height_medium sc_fly_static elementor-widget elementor-widget-spacer\" data-id=\"4eabf38\" data-element_type=\"widget\" data-widget_type=\"spacer.default\">\n\t\t\t\t<div class=\"elementor-widget-container\">\n\t\t\t\t\t\t\t<div class=\"elementor-spacer\">\n\t\t\t<div class=\"elementor-spacer-inner\"><\/div>\n\t\t<\/div>\n\t\t\t\t\t\t<\/div>\n\t\t\t\t<\/div>\n\t\t\t\t\t<\/div>\n\t\t<\/div>\n\t\t\t\t\t<\/div>\n\t\t<\/section>\n\t\t\t\t<section class=\"elementor-section elementor-top-section elementor-element elementor-element-d63b624 elementor-section-full_width elementor-section-content-middle elementor-section-height-default elementor-section-height-default sc_fly_static\" data-id=\"d63b624\" data-element_type=\"section\">\n\t\t\t\t\t\t<div class=\"elementor-container elementor-column-gap-no\">\n\t\t\t\t\t<div class=\"elementor-column elementor-col-50 elementor-top-column elementor-element elementor-element-a0d4f2b sc_content_align_inherit sc_layouts_column_icons_position_left sc_fly_static\" data-id=\"a0d4f2b\" data-element_type=\"column\" data-settings=\"{&quot;background_background&quot;:&quot;classic&quot;}\">\n\t\t\t<div class=\"elementor-widget-wrap elementor-element-populated\">\n\t\t\t\t\t\t<div class=\"elementor-element elementor-element-e5d345d sc_fly_static elementor-widget elementor-widget-spacer\" data-id=\"e5d345d\" data-element_type=\"widget\" data-widget_type=\"spacer.default\">\n\t\t\t\t<div class=\"elementor-widget-container\">\n\t\t\t\t\t\t\t<div class=\"elementor-spacer\">\n\t\t\t<div class=\"elementor-spacer-inner\"><\/div>\n\t\t<\/div>\n\t\t\t\t\t\t<\/div>\n\t\t\t\t<\/div>\n\t\t\t\t\t<\/div>\n\t\t<\/div>\n\t\t\t\t<div data-animation-type=\"block\" class=\"elementor-column elementor-col-50 elementor-top-column elementor-element elementor-element-5dadeba sc_inner_width_1_2 sc-mobile_inner_width_none sc_content_align_inherit sc_layouts_column_icons_position_left sc_fly_static\" data-id=\"5dadeba\" data-element_type=\"column\" data-settings=\"{&quot;animation&quot;:&quot;none&quot;}\">\n\t\t\t<div class=\"elementor-widget-wrap elementor-element-populated\">\n\t\t\t\t\t\t<div class=\"elementor-element elementor-element-0f2955f sc_fly_static elementor-widget elementor-widget-text-editor\" data-id=\"0f2955f\" data-element_type=\"widget\" data-widget_type=\"text-editor.default\">\n\t\t\t\t<div class=\"elementor-widget-container\">\n\t\t\t\t\t\t\t\t\t<h4>\u00bfQu\u00e9 es la Simulaci\u00f3n Maison Orvaux?<\/h4>\n<p>Maison Orvaux es una casa de lujo ficticia. Lo que ocurre dentro es completamente real.<\/p>\n<p>Es un entorno de simulaci\u00f3n donde trabajas dentro de un sistema empresarial vivo \u2014 explorando c\u00f3mo las decisiones sobre IA, datos y tecnolog\u00eda se propagan a trav\u00e9s de la experiencia del cliente, la coherencia de marca y el rendimiento operativo. No observas desde fuera. Est\u00e1s dentro, tomando decisiones, viendo qu\u00e9 aguanta y qu\u00e9 se quiebra.<\/p>\n<p>La simulaci\u00f3n se construye en torno a una idea aparentemente sencilla: toda organizaci\u00f3n \u2014 no solo las marcas de lujo \u2014 opera simult\u00e1neamente en tres capas distintas. Y la IA o refuerza la conexi\u00f3n entre ellas, o la corta silenciosamente.<\/p>\n\t\t\t\t\t\t\t\t<\/div>\n\t\t\t\t<\/div>\n\t\t\t\t\t<\/div>\n\t\t<\/div>\n\t\t\t\t\t<\/div>\n\t\t<\/section>\n\t\t\t\t<section class=\"elementor-section elementor-top-section elementor-element elementor-element-348f7bf elementor-section-full_width elementor-section-height-default elementor-section-height-default sc_fly_static\" data-id=\"348f7bf\" data-element_type=\"section\">\n\t\t\t\t\t\t<div class=\"elementor-container elementor-column-gap-no\">\n\t\t\t\t\t<div class=\"elementor-column elementor-col-100 elementor-top-column elementor-element elementor-element-5a659e4 sc_inner_width_1_1 sc_content_align_center sc_layouts_column_icons_position_left sc_fly_static\" data-id=\"5a659e4\" data-element_type=\"column\">\n\t\t\t<div class=\"elementor-widget-wrap elementor-element-populated\">\n\t\t\t\t\t\t<div class=\"elementor-element elementor-element-0cc6a91 sc_height_medium sc_fly_static elementor-widget elementor-widget-spacer\" data-id=\"0cc6a91\" data-element_type=\"widget\" data-widget_type=\"spacer.default\">\n\t\t\t\t<div class=\"elementor-widget-container\">\n\t\t\t\t\t\t\t<div class=\"elementor-spacer\">\n\t\t\t<div class=\"elementor-spacer-inner\"><\/div>\n\t\t<\/div>\n\t\t\t\t\t\t<\/div>\n\t\t\t\t<\/div>\n\t\t\t\t<div class=\"elementor-element elementor-element-6d3a657 sc_fly_static elementor-widget elementor-widget-text-editor\" data-id=\"6d3a657\" data-element_type=\"widget\" data-widget_type=\"text-editor.default\">\n\t\t\t\t<div class=\"elementor-widget-container\">\n\t\t\t\t\t\t\t\t\t<h4>Las Tres Capas<\/h4>\n<p>La primera es donde vive la identidad \u2014 la historia que una marca cuenta sobre s\u00ed misma, la promesa que hace, el significado emocional y cultural que porta. En Maison Orvaux, esto es herencia, artesan\u00eda, una idea muy concreta de lo que significa poseer algo verdaderamente excepcional.<\/p>\n<p>La segunda es donde esa historia se encuentra con una persona real. Una compra. Una interacci\u00f3n de servicio. Un punto de contacto digital. Aqu\u00ed la promesa abstracta de la marca se convierte en algo que se siente \u2014 como pertenencia, como confianza, como deleite, o como una decepci\u00f3n silenciosa.<\/p>\n<p>La tercera es la base f\u00edsica: materiales, ejecuci\u00f3n, calidad. La realidad que o bien justifica la historia, o la deja al descubierto como algo vac\u00edo.<br \/>Cuando estas tres capas funcionan juntas, una experiencia se siente verdadera. Cuando la tecnolog\u00eda se introduce sin cuidado \u2014 cuando optimiza una capa sin considerar las otras \u2014 todo puede desmoronarse. Un algoritmo de personalizaci\u00f3n que hace que el cliente se sienta vigilado en lugar de conocido. Una respuesta automatizada donde se esperaba presencia humana. Eficiencia que llega a costa de la experiencia por la que la gente realmente pagaba.<\/p>\n<p>La simulaci\u00f3n Orvaux hace que todas esas din\u00e1micas sean visibles y comprobables \u2014 antes de que cualquiera de ellas se vuelva cara de revertir.<\/p>\n\t\t\t\t\t\t\t\t<\/div>\n\t\t\t\t<\/div>\n\t\t\t\t<div class=\"elementor-element elementor-element-f077967 sc_height_medium sc_fly_static elementor-widget elementor-widget-spacer\" data-id=\"f077967\" data-element_type=\"widget\" data-widget_type=\"spacer.default\">\n\t\t\t\t<div class=\"elementor-widget-container\">\n\t\t\t\t\t\t\t<div class=\"elementor-spacer\">\n\t\t\t<div class=\"elementor-spacer-inner\"><\/div>\n\t\t<\/div>\n\t\t\t\t\t\t<\/div>\n\t\t\t\t<\/div>\n\t\t\t\t<div class=\"elementor-element elementor-element-aa66a66 sc_fly_static elementor-widget elementor-widget-image\" data-id=\"aa66a66\" data-element_type=\"widget\" data-widget_type=\"image.default\">\n\t\t\t\t<div class=\"elementor-widget-container\">\n\t\t\t\t\t\t\t\t\t\t\t\t\t\t\t<img decoding=\"async\" width=\"1024\" height=\"528\" src=\"https:\/\/www.scenaptic.ai\/wp-content\/uploads\/2026\/01\/Auto_Orvaux_45_Ecosystem-topaz-high-fidelity-v2-2x-1024x528.jpg\" class=\"attachment-large size-large wp-image-29296\" alt=\"Orvaux Ecosystem Simulation\" srcset=\"https:\/\/www.scenaptic.ai\/wp-content\/uploads\/2026\/01\/Auto_Orvaux_45_Ecosystem-topaz-high-fidelity-v2-2x-1024x528.jpg 1024w, https:\/\/www.scenaptic.ai\/wp-content\/uploads\/2026\/01\/Auto_Orvaux_45_Ecosystem-topaz-high-fidelity-v2-2x-300x155.jpg 300w, https:\/\/www.scenaptic.ai\/wp-content\/uploads\/2026\/01\/Auto_Orvaux_45_Ecosystem-topaz-high-fidelity-v2-2x-768x396.jpg 768w, https:\/\/www.scenaptic.ai\/wp-content\/uploads\/2026\/01\/Auto_Orvaux_45_Ecosystem-topaz-high-fidelity-v2-2x-1536x792.jpg 1536w, https:\/\/www.scenaptic.ai\/wp-content\/uploads\/2026\/01\/Auto_Orvaux_45_Ecosystem-topaz-high-fidelity-v2-2x-2048x1056.jpg 2048w, https:\/\/www.scenaptic.ai\/wp-content\/uploads\/2026\/01\/Auto_Orvaux_45_Ecosystem-topaz-high-fidelity-v2-2x-370x191.jpg 370w, https:\/\/www.scenaptic.ai\/wp-content\/uploads\/2026\/01\/Auto_Orvaux_45_Ecosystem-topaz-high-fidelity-v2-2x-840x433.jpg 840w, https:\/\/www.scenaptic.ai\/wp-content\/uploads\/2026\/01\/Auto_Orvaux_45_Ecosystem-topaz-high-fidelity-v2-2x-410x211.jpg 410w\" sizes=\"(max-width: 1024px) 100vw, 1024px\" \/>\t\t\t\t\t\t\t\t\t\t\t\t\t\t\t<\/div>\n\t\t\t\t<\/div>\n\t\t\t\t<div class=\"elementor-element elementor-element-271a475 sc_height_medium sc_fly_static elementor-widget elementor-widget-spacer\" data-id=\"271a475\" data-element_type=\"widget\" data-widget_type=\"spacer.default\">\n\t\t\t\t<div class=\"elementor-widget-container\">\n\t\t\t\t\t\t\t<div class=\"elementor-spacer\">\n\t\t\t<div class=\"elementor-spacer-inner\"><\/div>\n\t\t<\/div>\n\t\t\t\t\t\t<\/div>\n\t\t\t\t<\/div>\n\t\t\t\t<div class=\"elementor-element elementor-element-426ff34 sc_fly_static elementor-widget elementor-widget-text-editor\" data-id=\"426ff34\" data-element_type=\"widget\" data-widget_type=\"text-editor.default\">\n\t\t\t\t<div class=\"elementor-widget-container\">\n\t\t\t\t\t\t\t\t\t<h4>Que Haces en la Simulaci\u00f3n<\/h4>\n\t\t\t\t\t\t\t\t<\/div>\n\t\t\t\t<\/div>\n\t\t\t\t<div class=\"elementor-element elementor-element-c57846d sc_fly_static elementor-widget elementor-widget-spacer\" data-id=\"c57846d\" data-element_type=\"widget\" data-widget_type=\"spacer.default\">\n\t\t\t\t<div class=\"elementor-widget-container\">\n\t\t\t\t\t\t\t<div class=\"elementor-spacer\">\n\t\t\t<div class=\"elementor-spacer-inner\"><\/div>\n\t\t<\/div>\n\t\t\t\t\t\t<\/div>\n\t\t\t\t<\/div>\n\t\t\t\t<div class=\"elementor-element elementor-element-453ed92 sc_fly_static elementor-widget elementor-widget-text-editor\" data-id=\"453ed92\" data-element_type=\"widget\" data-widget_type=\"text-editor.default\">\n\t\t\t\t<div class=\"elementor-widget-container\">\n\t\t\t\t\t\t\t\t\t<p>Ejecutar\u00e1s experimentos, pondr\u00e1s a prueba decisiones alternativas y observar\u00e1s en tiempo real c\u00f3mo cada elecci\u00f3n transforma los resultados en t\u00e9rminos de ingresos, experiencia del cliente e identidad organizativa. El objetivo no es aprender a &#8220;usar IA.&#8221; Es desarrollar el criterio para saber cu\u00e1ndo la IA sirve al sistema \u2014 y cu\u00e1ndo lo perjudica.<\/p>\n\t\t\t\t\t\t\t\t<\/div>\n\t\t\t\t<\/div>\n\t\t\t\t<div class=\"elementor-element elementor-element-81ec268 sc_height_medium sc_fly_static elementor-widget elementor-widget-spacer\" data-id=\"81ec268\" data-element_type=\"widget\" data-widget_type=\"spacer.default\">\n\t\t\t\t<div class=\"elementor-widget-container\">\n\t\t\t\t\t\t\t<div class=\"elementor-spacer\">\n\t\t\t<div class=\"elementor-spacer-inner\"><\/div>\n\t\t<\/div>\n\t\t\t\t\t\t<\/div>\n\t\t\t\t<\/div>\n\t\t\t\t<div class=\"elementor-element elementor-element-a548c7c sc_fly_static elementor-widget elementor-widget-text-editor\" data-id=\"a548c7c\" data-element_type=\"widget\" data-widget_type=\"text-editor.default\">\n\t\t\t\t<div class=\"elementor-widget-container\">\n\t\t\t\t\t\t\t\t\t<h4>Qui\u00e9n Debe Participar<\/h4>\n\t\t\t\t\t\t\t\t<\/div>\n\t\t\t\t<\/div>\n\t\t\t\t<div class=\"elementor-element elementor-element-699a9d0 sc_fly_static elementor-widget elementor-widget-spacer\" data-id=\"699a9d0\" data-element_type=\"widget\" data-widget_type=\"spacer.default\">\n\t\t\t\t<div class=\"elementor-widget-container\">\n\t\t\t\t\t\t\t<div class=\"elementor-spacer\">\n\t\t\t<div class=\"elementor-spacer-inner\"><\/div>\n\t\t<\/div>\n\t\t\t\t\t\t<\/div>\n\t\t\t\t<\/div>\n\t\t\t\t<div class=\"elementor-element elementor-element-854609c sc_fly_static elementor-widget elementor-widget-text-editor\" data-id=\"854609c\" data-element_type=\"widget\" data-widget_type=\"text-editor.default\">\n\t\t\t\t<div class=\"elementor-widget-container\">\n\t\t\t\t\t\t\t\t\t<p>Para directivos y profesionales de alto nivel que son responsables de c\u00f3mo se introduce la tecnolog\u00eda en entornos donde la confianza, la experiencia y las relaciones humanas son el centro del valor que se crea. Eso incluye el lujo y el retail \u2014 pero tambi\u00e9n los servicios financieros, los servicios profesionales, la salud, la hosteler\u00eda y cualquier sector donde el tipo equivocado de automatizaci\u00f3n puede costar m\u00e1s de lo que ahorra.<\/p>\n<p>Si est\u00e1s tomando decisiones sobre inversi\u00f3n en IA y quieres ver en la pr\u00e1ctica qu\u00e9 significa el alineamiento real \u2014 antes de comprometerte con una direcci\u00f3n \u2014 esto fue construido para esa conversaci\u00f3n.<\/p>\n\t\t\t\t\t\t\t\t<\/div>\n\t\t\t\t<\/div>\n\t\t\t\t<div class=\"elementor-element elementor-element-667bdb1 sc_height_medium sc_fly_static elementor-widget elementor-widget-spacer\" data-id=\"667bdb1\" data-element_type=\"widget\" data-widget_type=\"spacer.default\">\n\t\t\t\t<div class=\"elementor-widget-container\">\n\t\t\t\t\t\t\t<div class=\"elementor-spacer\">\n\t\t\t<div class=\"elementor-spacer-inner\"><\/div>\n\t\t<\/div>\n\t\t\t\t\t\t<\/div>\n\t\t\t\t<\/div>\n\t\t\t\t\t<\/div>\n\t\t<\/div>\n\t\t\t\t\t<\/div>\n\t\t<\/section>\n\t\t\t\t<\/div>\n\t\t","protected":false},"excerpt":{"rendered":"<p>SIMULACION MAISON ORVAUX En el lujo, todo es significado. Un paso en falso, y el significado desaparece. La mayor\u00eda de las transformaciones con IA fracasan \u2014 casi el 95% seg\u00fan&hellip;<\/p>\n","protected":false},"author":1,"featured_media":0,"parent":0,"menu_order":0,"comment_status":"closed","ping_status":"closed","template":"elementor_theme","meta":{"footnotes":""},"class_list":["post-25756","page","type-page","status-publish","hentry"],"_links":{"self":[{"href":"https:\/\/www.scenaptic.ai\/es\/wp-json\/wp\/v2\/pages\/25756","targetHints":{"allow":["GET"]}}],"collection":[{"href":"https:\/\/www.scenaptic.ai\/es\/wp-json\/wp\/v2\/pages"}],"about":[{"href":"https:\/\/www.scenaptic.ai\/es\/wp-json\/wp\/v2\/types\/page"}],"author":[{"embeddable":true,"href":"https:\/\/www.scenaptic.ai\/es\/wp-json\/wp\/v2\/users\/1"}],"replies":[{"embeddable":true,"href":"https:\/\/www.scenaptic.ai\/es\/wp-json\/wp\/v2\/comments?post=25756"}],"version-history":[{"count":0,"href":"https:\/\/www.scenaptic.ai\/es\/wp-json\/wp\/v2\/pages\/25756\/revisions"}],"wp:attachment":[{"href":"https:\/\/www.scenaptic.ai\/es\/wp-json\/wp\/v2\/media?parent=25756"}],"curies":[{"name":"wp","href":"https:\/\/api.w.org\/{rel}","templated":true}]}}